{"id":372,"date":"2020-08-31T11:02:12","date_gmt":"2020-08-31T15:02:12","guid":{"rendered":"https:\/\/ressourcelaser.com\/?page_id=372"},"modified":"2020-12-16T09:40:20","modified_gmt":"2020-12-16T14:40:20","slug":"produits-environnement-de-bureau","status":"publish","type":"page","link":"https:\/\/ressourcelaser.com\/?page_id=372","title":{"rendered":"Produits d&#8217;environnement de bureau"},"content":{"rendered":"<p>Les produits de bureau \u00e9voluent constamment pour s\u2019adapter \u00e0 nos nouvelles r\u00e9alit\u00e9s de travail.<br \/>\nNous d\u00e9sirons offrir des produits innovants qui se d\u00e9marquent par leur conception, utilit\u00e9 et efficacit\u00e9.<\/p>\n","protected":false},"excerpt":{"rendered":"<p>Les produits de bureau \u00e9voluent constamment pour s\u2019adapter \u00e0 nos nouvelles r\u00e9alit\u00e9s de travail. Nous d\u00e9sirons offrir des produits innovants qui se d\u00e9marquent par leur conception, utilit\u00e9 et efficacit\u00e9.<\/p>\n","protected":false},"author":2,"featured_media":0,"parent":0,"menu_order":0,"comment_status":"closed","ping_status":"closed","template":"template-bureau.php","meta":{"footnotes":""},"class_list":["post-372","page","type-page","status-publish","hentry"],"acf":[],"yoast_head":"<!-- This site is optimized with the Yoast SEO plugin v19.6.1 - https:\/\/yoast.com\/wordpress\/plugins\/seo\/ -->\n<title>Produits d&#039;environnement de bureau - Ressource Laser<\/title>\n<meta name=\"robots\" content=\"index, follow, max-snippet:-1, max-image-preview:large, max-video-preview:-1\" \/>\n<link rel=\"canonical\" href=\"https:\/\/ressourcelaser.com\/?page_id=372\" \/>\n<meta property=\"og:locale\" content=\"en_US\" \/>\n<meta property=\"og:type\" content=\"article\" \/>\n<meta property=\"og:title\" content=\"Produits d&#039;environnement de bureau - Ressource Laser\" \/>\n<meta property=\"og:description\" content=\"Les produits de bureau \u00e9voluent constamment pour s\u2019adapter \u00e0 nos nouvelles r\u00e9alit\u00e9s de travail. Nous d\u00e9sirons offrir des produits innovants qui se d\u00e9marquent par leur conception, utilit\u00e9 et efficacit\u00e9.\" \/>\n<meta property=\"og:url\" content=\"https:\/\/ressourcelaser.com\/?page_id=372\" \/>\n<meta property=\"og:site_name\" content=\"Ressource Laser\" \/>\n<meta property=\"article:modified_time\" content=\"2020-12-16T14:40:20+00:00\" \/>\n<meta name=\"twitter:card\" content=\"summary_large_image\" \/>\n<script type=\"application\/ld+json\" class=\"yoast-schema-graph\">{\"@context\":\"https:\/\/schema.org\",\"@graph\":[{\"@type\":\"WebPage\",\"@id\":\"https:\/\/ressourcelaser.com\/?page_id=372\",\"url\":\"https:\/\/ressourcelaser.com\/?page_id=372\",\"name\":\"Produits d'environnement de bureau - Ressource Laser\",\"isPartOf\":{\"@id\":\"https:\/\/ressourcelaser.com\/#website\"},\"datePublished\":\"2020-08-31T15:02:12+00:00\",\"dateModified\":\"2020-12-16T14:40:20+00:00\",\"breadcrumb\":{\"@id\":\"https:\/\/ressourcelaser.com\/?page_id=372#breadcrumb\"},\"inLanguage\":\"en-US\",\"potentialAction\":[{\"@type\":\"ReadAction\",\"target\":[\"https:\/\/ressourcelaser.com\/?page_id=372\"]}]},{\"@type\":\"BreadcrumbList\",\"@id\":\"https:\/\/ressourcelaser.com\/?page_id=372#breadcrumb\",\"itemListElement\":[{\"@type\":\"ListItem\",\"position\":1,\"name\":\"Home\",\"item\":\"https:\/\/ressourcelaser.com\/\"},{\"@type\":\"ListItem\",\"position\":2,\"name\":\"Produits d&rsquo;environnement de bureau\"}]},{\"@type\":\"WebSite\",\"@id\":\"https:\/\/ressourcelaser.com\/#website\",\"url\":\"https:\/\/ressourcelaser.com\/\",\"name\":\"Ressource Laser\",\"description\":\"Une approche simple et intelligente\",\"potentialAction\":[{\"@type\":\"SearchAction\",\"target\":{\"@type\":\"EntryPoint\",\"urlTemplate\":\"https:\/\/ressourcelaser.com\/?s={search_term_string}\"},\"query-input\":\"required name=search_term_string\"}],\"inLanguage\":\"en-US\"}]}<\/script>\n<!-- \/ Yoast SEO plugin. -->","yoast_head_json":{"title":"Produits d'environnement de bureau - Ressource Laser","robots":{"index":"index","follow":"follow","max-snippet":"max-snippet:-1","max-image-preview":"max-image-preview:large","max-video-preview":"max-video-preview:-1"},"canonical":"https:\/\/ressourcelaser.com\/?page_id=372","og_locale":"en_US","og_type":"article","og_title":"Produits d'environnement de bureau - Ressource Laser","og_description":"Les produits de bureau \u00e9voluent constamment pour s\u2019adapter \u00e0 nos nouvelles r\u00e9alit\u00e9s de travail. Nous d\u00e9sirons offrir des produits innovants qui se d\u00e9marquent par leur conception, utilit\u00e9 et efficacit\u00e9.","og_url":"https:\/\/ressourcelaser.com\/?page_id=372","og_site_name":"Ressource Laser","article_modified_time":"2020-12-16T14:40:20+00:00","twitter_card":"summary_large_image","schema":{"@context":"https:\/\/schema.org","@graph":[{"@type":"WebPage","@id":"https:\/\/ressourcelaser.com\/?page_id=372","url":"https:\/\/ressourcelaser.com\/?page_id=372","name":"Produits d'environnement de bureau - Ressource Laser","isPartOf":{"@id":"https:\/\/ressourcelaser.com\/#website"},"datePublished":"2020-08-31T15:02:12+00:00","dateModified":"2020-12-16T14:40:20+00:00","breadcrumb":{"@id":"https:\/\/ressourcelaser.com\/?page_id=372#breadcrumb"},"inLanguage":"en-US","potentialAction":[{"@type":"ReadAction","target":["https:\/\/ressourcelaser.com\/?page_id=372"]}]},{"@type":"BreadcrumbList","@id":"https:\/\/ressourcelaser.com\/?page_id=372#breadcrumb","itemListElement":[{"@type":"ListItem","position":1,"name":"Home","item":"https:\/\/ressourcelaser.com\/"},{"@type":"ListItem","position":2,"name":"Produits d&rsquo;environnement de bureau"}]},{"@type":"WebSite","@id":"https:\/\/ressourcelaser.com\/#website","url":"https:\/\/ressourcelaser.com\/","name":"Ressource Laser","description":"Une approche simple et intelligente","potentialAction":[{"@type":"SearchAction","target":{"@type":"EntryPoint","urlTemplate":"https:\/\/ressourcelaser.com\/?s={search_term_string}"},"query-input":"required name=search_term_string"}],"inLanguage":"en-US"}]}},"_links":{"self":[{"href":"https:\/\/ressourcelaser.com\/index.php?rest_route=\/wp\/v2\/pages\/372","targetHints":{"allow":["GET"]}}],"collection":[{"href":"https:\/\/ressourcelaser.com\/index.php?rest_route=\/wp\/v2\/pages"}],"about":[{"href":"https:\/\/ressourcelaser.com\/index.php?rest_route=\/wp\/v2\/types\/page"}],"author":[{"embeddable":true,"href":"https:\/\/ressourcelaser.com\/index.php?rest_route=\/wp\/v2\/users\/2"}],"replies":[{"embeddable":true,"href":"https:\/\/ressourcelaser.com\/index.php?rest_route=%2Fwp%2Fv2%2Fcomments&post=372"}],"version-history":[{"count":14,"href":"https:\/\/ressourcelaser.com\/index.php?rest_route=\/wp\/v2\/pages\/372\/revisions"}],"predecessor-version":[{"id":422,"href":"https:\/\/ressourcelaser.com\/index.php?rest_route=\/wp\/v2\/pages\/372\/revisions\/422"}],"wp:attachment":[{"href":"https:\/\/ressourcelaser.com\/index.php?rest_route=%2Fwp%2Fv2%2Fmedia&parent=372"}],"curies":[{"name":"wp","href":"https:\/\/api.w.org\/{rel}","templated":true}]}}